{"id":483,"date":"2019-04-09T08:23:54","date_gmt":"2019-04-09T08:23:54","guid":{"rendered":"http:\/\/vodostan.ba\/web\/?page_id=483"},"modified":"2019-04-09T08:28:47","modified_gmt":"2019-04-09T08:28:47","slug":"javne-nabavke-2019","status":"publish","type":"page","link":"http:\/\/vodostan.ba\/web\/javne-nabavke-2018\/javne-nabavke-2019\/","title":{"rendered":"Javne nabavke 2019"},"content":{"rendered":"<h1 class=\"uk-article-title\">Plan javnih nabavki za 2019. godinu<\/h1>\n<p>&nbsp;<\/p>\n<p><strong>Download:\u00a0<a href=\"https:\/\/drive.google.com\/open?id=19JNJLTRZE2Br_oR1HD_su9RFcnL-tRGE\">Plan javnih nabavki 2019.xls<\/a><\/strong><\/p>\n<table width=\"856\">\n<tbody>\n<tr>\n<td width=\"38\">R.b.<\/td>\n<td colspan=\"4\" width=\"311\">Predmet nabavke<\/td>\n<td width=\"75\">OZNAKA JRJN<\/td>\n<td width=\"75\">Procijenjena vrijednost nabavke<\/td>\n<td width=\"103\">Vrsta postupka nabavke<\/td>\n<td width=\"79\">Sklapa li se Ugovor ili Okvirni sporazum<\/td>\n<td width=\"79\">Planirani po\u010detak postupka<\/td>\n<td width=\"96\">Planirano trajanje Ugovora ili Okvirnog sporazuma<\/td>\n<\/tr>\n<tr>\n<td>1<\/td>\n<td colspan=\"4\">2<\/td>\n<td><\/td>\n<td>4<\/td>\n<td>5<\/td>\n<td>6<\/td>\n<td>7<\/td>\n<td>8<\/td>\n<\/tr>\n<tr>\n<td><\/td>\n<td colspan=\"4\">ROBE<\/td>\n<td><\/td>\n<td><\/td>\n<td><\/td>\n<td><\/td>\n<td><\/td>\n<td><\/td>\n<\/tr>\n<tr>\n<td>1<\/td>\n<td colspan=\"4\" width=\"311\">NABAVKA HEMIKALIJE ZA OBRADU VODE-(AQUAFLOK)<\/td>\n<td width=\"75\">249620000-5<\/td>\n<td>15.000,00<\/td>\n<td width=\"103\">KONURENTSKI<\/td>\n<td>UGOVOR<\/td>\n<td>I KVARTAL<\/td>\n<td>12 MJESECI<\/td>\n<\/tr>\n<tr>\n<td>2<\/td>\n<td colspan=\"4\" width=\"311\">NABAVKA BETONSKIH CIJEVI I POKLOPACA<\/td>\n<td width=\"75\">44114220-0<\/td>\n<td>20.000,00<\/td>\n<td width=\"103\">KONKURENTSKI<\/td>\n<td>OKVIRNI SP.<\/td>\n<td>II KVARTAL<\/td>\n<td>12 MJESECI<\/td>\n<\/tr>\n<tr>\n<td>3<\/td>\n<td colspan=\"4\" width=\"311\">GRA\u0110EVINSKI MATERIJAL<\/td>\n<td width=\"75\">44110000-4<\/td>\n<td>5.990,00<\/td>\n<td width=\"103\">DIREKTNI<\/td>\n<td>UGOVOR<\/td>\n<td>IV KVARTAL<\/td>\n<td>12 MJESECI<\/td>\n<\/tr>\n<tr>\n<td>4<\/td>\n<td colspan=\"4\">KANCELARIJSKI MATERIJAL<\/td>\n<td>30199000-0<\/td>\n<td>5.500,00<\/td>\n<td>DIREKTNI<\/td>\n<td width=\"79\">UGOVOR<\/td>\n<td>II KVARTAL<\/td>\n<td>12 MJESECI<\/td>\n<\/tr>\n<tr>\n<td>5<\/td>\n<td colspan=\"4\">NABAVKA KAMENOG AGREGATA<\/td>\n<td>14210000-6<\/td>\n<td>49.990,00<\/td>\n<td>KONKURENTSKI<\/td>\n<td width=\"79\">UGOVOR<\/td>\n<td>III KVARTAL<\/td>\n<td>12 MJESECI<\/td>\n<\/tr>\n<tr>\n<td>6<\/td>\n<td colspan=\"4\">SITNI VODOVODNI MATERIJAL<\/td>\n<td>44160000-9<\/td>\n<td>49.990,00<\/td>\n<td>KONKURENTSKI<\/td>\n<td width=\"79\">OKVIRNI SP.<\/td>\n<td>IV KVARTAL<\/td>\n<td>12 MJESECI<\/td>\n<\/tr>\n<tr>\n<td>7<\/td>\n<td colspan=\"4\">REAGENSI ZA HACH APARAT<\/td>\n<td>24000000-4<\/td>\n<td>5.000,00<\/td>\n<td>DIREKTNI<\/td>\n<td width=\"79\">UGOVOR<\/td>\n<td>III KVARTAL<\/td>\n<td>12 MJESECI<\/td>\n<\/tr>\n<tr>\n<td>8<\/td>\n<td colspan=\"4\" width=\"311\">CIJEVI, ARMATURA I FAZONSKI KOMADI<\/td>\n<td width=\"75\">44163000-0<\/td>\n<td>250.000,00<\/td>\n<td width=\"103\">OTVORENI<\/td>\n<td>OKVIRNI\u00a0 SP.<\/td>\n<td>III KVARTAL<\/td>\n<td>12 MJESECI<\/td>\n<\/tr>\n<tr>\n<td>9<\/td>\n<td colspan=\"4\" width=\"311\">NABAVKA GORIVA I MAZIVA<\/td>\n<td width=\"75\">09000000-3<\/td>\n<td>49.000,00<\/td>\n<td width=\"103\">KONKURENTSKI<\/td>\n<td>UGOVOR<\/td>\n<td>IV KVARTAL<\/td>\n<td>12 MJESECI<\/td>\n<\/tr>\n<tr>\n<td>10<\/td>\n<td colspan=\"4\" width=\"311\">OPREMA ZA AUTOMATIZACIJU OBJEKTA<\/td>\n<td width=\"75\">429610000-0<\/td>\n<td>5.700,00<\/td>\n<td width=\"103\">DIREKTNI<\/td>\n<td>UGOVOR<\/td>\n<td>I KVARTAL<\/td>\n<td>DO ISPORUKE<\/td>\n<\/tr>\n<tr>\n<td>11<\/td>\n<td colspan=\"4\" width=\"311\">SREDSTVA ZA \u010cI\u0160\u0106ENJE<\/td>\n<td width=\"75\">39800000-0<\/td>\n<td>2.000,00<\/td>\n<td width=\"103\">DIREKTNI<\/td>\n<td>UGOVOR<\/td>\n<td>I KVARTAL<\/td>\n<td>12 MJESECI<\/td>\n<\/tr>\n<tr>\n<td>12<\/td>\n<td colspan=\"4\" width=\"311\">RA\u010cUNARSKA OPREMA<\/td>\n<td width=\"75\">30200000-1<\/td>\n<td>3.500,00<\/td>\n<td width=\"103\">DIREKTNI<\/td>\n<td>UGOVOR<\/td>\n<td>I KVARTAL<\/td>\n<td>DO ISPORUKE<\/td>\n<\/tr>\n<tr>\n<td>13<\/td>\n<td colspan=\"4\" width=\"311\">VANJSKI POKLOPCI OD LIVENOG \u017dELJEZA<\/td>\n<td width=\"75\">44133000-1<\/td>\n<td>5.990,00<\/td>\n<td width=\"103\">DIREKTNI<\/td>\n<td>UGOVOR<\/td>\n<td>III KVARTAL<\/td>\n<td>DO ISPORUKE<\/td>\n<\/tr>\n<tr>\n<td>14<\/td>\n<td colspan=\"4\" width=\"311\">UREDSKI NAMJE\u0160TAJ<\/td>\n<td width=\"75\">39130000-2<\/td>\n<td>5.990,00<\/td>\n<td width=\"103\">DIREKTNI<\/td>\n<td>UGOVOR<\/td>\n<td>I KVARTAL<\/td>\n<td>DO ISPORUKE<\/td>\n<\/tr>\n<tr>\n<td>15<\/td>\n<td colspan=\"4\" width=\"311\">HTZ OPREMA<\/td>\n<td width=\"75\">18140000-2<\/td>\n<td>3.600,00<\/td>\n<td width=\"103\">DIREKTNI<\/td>\n<td>UGOVOR<\/td>\n<td>I KVARTAL<\/td>\n<td>DO ISPORUKE<\/td>\n<\/tr>\n<tr>\n<td>16<\/td>\n<td colspan=\"4\" width=\"311\">NABAVKA SISTEMA NADZORA<\/td>\n<td width=\"75\">35125000-6<\/td>\n<td>5.500,00<\/td>\n<td width=\"103\">DIREKTNI<\/td>\n<td>UGOVOR<\/td>\n<td>I KVARTAL<\/td>\n<td>DO ISPORUKE<\/td>\n<\/tr>\n<tr>\n<td>17<\/td>\n<td colspan=\"4\" width=\"311\">NABAVKA KU\u0106NIH I INDUSTRIJSKIH VODOMJERA<\/td>\n<td width=\"75\">38421100-3<\/td>\n<td>100.000,00<\/td>\n<td width=\"103\">OTVORENI<\/td>\n<td>OKVIRNI SP.<\/td>\n<td>I KVARTAL<\/td>\n<td>12 MJESECI<\/td>\n<\/tr>\n<tr>\n<td><\/td>\n<td colspan=\"4\">UKUPNO ROBE<\/td>\n<td><\/td>\n<td>582.750,00<\/td>\n<td width=\"103\"><\/td>\n<td width=\"79\"><\/td>\n<td width=\"79\"><\/td>\n<td width=\"96\"><\/td>\n<\/tr>\n<tr>\n<td><\/td>\n<td colspan=\"4\">USLUGE<\/td>\n<td><\/td>\n<td><\/td>\n<td width=\"103\"><\/td>\n<td width=\"79\"><\/td>\n<td width=\"79\"><\/td>\n<td width=\"96\"><\/td>\n<\/tr>\n<tr>\n<td>18<\/td>\n<td colspan=\"4\" width=\"311\">\u0160TAMPARSKE USLUGE<\/td>\n<td width=\"75\">79810000-5<\/td>\n<td>4.000,00<\/td>\n<td width=\"103\">DIREKTNI<\/td>\n<td>UGOVOR<\/td>\n<td>I KVARTAL<\/td>\n<td>12 MJESECI<\/td>\n<\/tr>\n<tr>\n<td>19<\/td>\n<td colspan=\"4\">USLUGA ODR\u017dAVANJA I SERVISIRANJA VOZILA<\/td>\n<td>50110000-9<\/td>\n<td>15.000,00<\/td>\n<td width=\"103\">KONKURENTSKI<\/td>\n<td>UGOVOR<\/td>\n<td>I KVARTAL<\/td>\n<td>12 MJESECI<\/td>\n<\/tr>\n<tr>\n<td>20<\/td>\n<td colspan=\"4\">BANKARSKE USLUGE<\/td>\n<td>66110000-4<\/td>\n<td>4.000,00<\/td>\n<td width=\"103\">DIREKTNI<\/td>\n<td width=\"79\">UGOVOR<\/td>\n<td>II KVARTAL<\/td>\n<td>12 MJESECI<\/td>\n<\/tr>\n<tr>\n<td>21<\/td>\n<td colspan=\"4\">USLUGA KONTROLE VODE ZA PI\u0106E<\/td>\n<td>71620000-0<\/td>\n<td>10.000,00<\/td>\n<td width=\"103\">KONKURENTSKI<\/td>\n<td width=\"79\">UGOVOR<\/td>\n<td>III KVARTAL<\/td>\n<td>12 MJESECI<\/td>\n<\/tr>\n<tr>\n<td>22<\/td>\n<td colspan=\"4\">USLUGE OSIGURANJA LICA I VOZILA<\/td>\n<td>66510000-8<\/td>\n<td>9.000,00<\/td>\n<td width=\"103\">KONKURENTSKI<\/td>\n<td>UGOVOR<\/td>\n<td>III KVARTAL<\/td>\n<td>12 MJESECI<\/td>\n<\/tr>\n<tr>\n<td>23<\/td>\n<td colspan=\"4\">USLUGA REVIZIJE FINANSIJSKIH IZVJE\u0160TAJA<\/td>\n<td>79313000-1<\/td>\n<td>4.000,00<\/td>\n<td width=\"103\">DIREKTNI<\/td>\n<td>UGOVOR<\/td>\n<td>IV KVARTAL<\/td>\n<td>DO IZVR\u0160ENJA<\/td>\n<\/tr>\n<tr>\n<td>24<\/td>\n<td colspan=\"4\" width=\"311\">USLUGE RAZVOJA PROGRAMSKE PODR\u0160KE ZA FINANSIJSKU ANALIZU I RA\u010cUNOVODSTVO<\/td>\n<td width=\"75\">72212440-5<\/td>\n<td width=\"75\">4.000,00<\/td>\n<td width=\"103\">DIREKTNI<\/td>\n<td width=\"79\">UGOVOR<\/td>\n<td width=\"79\">I KVARTAL<\/td>\n<td width=\"96\">12 MJESECI<\/td>\n<\/tr>\n<tr>\n<td>25<\/td>\n<td colspan=\"4\" width=\"311\">USLUGE KRE\u010cENJA<\/td>\n<td width=\"75\">45111220-6<\/td>\n<td width=\"75\">2.100,00<\/td>\n<td width=\"103\">DIREKTNI<\/td>\n<td width=\"79\">UGOVOR<\/td>\n<td width=\"79\">I KVARTAL<\/td>\n<td width=\"96\">DO IZVR\u0160ENJA<\/td>\n<\/tr>\n<tr>\n<td>26<\/td>\n<td colspan=\"4\" width=\"311\">USLUGA POPRAVAKA I ODR\u017dAVANJA VODOMJERA-BA\u017dDARENJE<\/td>\n<td width=\"75\">50411100-0<\/td>\n<td width=\"75\">5.990,00<\/td>\n<td width=\"103\">DIREKTNI<\/td>\n<td width=\"79\">UGOVOR<\/td>\n<td width=\"79\">I KVARTAL<\/td>\n<td width=\"96\">12 MJESECI<\/td>\n<\/tr>\n<tr>\n<td>27<\/td>\n<td colspan=\"4\" width=\"311\">GEODETSKE USLUGE<\/td>\n<td width=\"75\">71250000-5<\/td>\n<td>5.990,00<\/td>\n<td width=\"103\">DIREKTNI<\/td>\n<td>UGOVOR<\/td>\n<td>III KVARTAL<\/td>\n<td>DO IZVR\u0160ENJA<\/td>\n<\/tr>\n<tr>\n<td>28<\/td>\n<td colspan=\"4\" width=\"311\">USLUGE DDD<\/td>\n<td width=\"75\">90921000-9<\/td>\n<td>3.500,00<\/td>\n<td width=\"103\">DIREKTNI<\/td>\n<td>UGOVOR<\/td>\n<td>III KVARTAL<\/td>\n<td>12 MJESECA<\/td>\n<\/tr>\n<tr>\n<td>29<\/td>\n<td colspan=\"4\" width=\"311\">USLUGE PROJEKTOVANJA<\/td>\n<td width=\"75\">71322000-1<\/td>\n<td>5.900,00<\/td>\n<td width=\"103\">DIREKTNI<\/td>\n<td>UGOVOR<\/td>\n<td>II KVARTAL<\/td>\n<td>DO IZVR\u0160ENJA<\/td>\n<\/tr>\n<tr>\n<td><\/td>\n<td colspan=\"4\">UKUPNO USLUGE<\/td>\n<td><\/td>\n<td>73.480,00<\/td>\n<td><\/td>\n<td><\/td>\n<td><\/td>\n<td><\/td>\n<\/tr>\n<tr>\n<td><\/td>\n<td colspan=\"4\">RADOVI<\/td>\n<td><\/td>\n<td><\/td>\n<td width=\"103\"><\/td>\n<td width=\"79\"><\/td>\n<td width=\"79\"><\/td>\n<td width=\"96\"><\/td>\n<\/tr>\n<tr>\n<td>31<\/td>\n<td colspan=\"4\"><\/td>\n<td><\/td>\n<td><\/td>\n<td width=\"103\"><\/td>\n<td><\/td>\n<td><\/td>\n<td><\/td>\n<\/tr>\n<tr>\n<td>32<\/td>\n<td colspan=\"4\"><\/td>\n<td><\/td>\n<td><\/td>\n<td width=\"103\"><\/td>\n<td><\/td>\n<td><\/td>\n<td><\/td>\n<\/tr>\n<tr>\n<td>33<\/td>\n<td colspan=\"4\" width=\"311\"><\/td>\n<td width=\"75\"><\/td>\n<td><\/td>\n<td width=\"103\"><\/td>\n<td><\/td>\n<td><\/td>\n<td><\/td>\n<\/tr>\n<tr>\n<td><\/td>\n<td colspan=\"4\">UKUPNO RADOVI<\/td>\n<td><\/td>\n<td>0,00<\/td>\n<td width=\"103\"><\/td>\n<td width=\"79\"><\/td>\n<td width=\"79\"><\/td>\n<td width=\"96\"><\/td>\n<\/tr>\n<\/tbody>\n<\/table>\n","protected":false},"excerpt":{"rendered":"<p>Plan javnih nabavki za 2019. godinu &nbsp; Download:\u00a0Plan javnih nabavki 2019.xls R.b. Predmet nabavke OZNAKA JRJN Procijenjena vrijednost nabavke Vrsta postupka nabavke Sklapa li se Ugovor ili Okvirni sporazum Planirani po\u010detak postupka Planirano trajanje Ugovora ili Okvirnog sporazuma 1 2&hellip; <\/p>\n","protected":false},"author":1,"featured_media":0,"parent":399,"menu_order":0,"comment_status":"closed","ping_status":"closed","template":"","meta":[],"_links":{"self":[{"href":"http:\/\/vodostan.ba\/web\/wp-json\/wp\/v2\/pages\/483"}],"collection":[{"href":"http:\/\/vodostan.ba\/web\/wp-json\/wp\/v2\/pages"}],"about":[{"href":"http:\/\/vodostan.ba\/web\/wp-json\/wp\/v2\/types\/page"}],"author":[{"embeddable":true,"href":"http:\/\/vodostan.ba\/web\/wp-json\/wp\/v2\/users\/1"}],"replies":[{"embeddable":true,"href":"http:\/\/vodostan.ba\/web\/wp-json\/wp\/v2\/comments?post=483"}],"version-history":[{"count":2,"href":"http:\/\/vodostan.ba\/web\/wp-json\/wp\/v2\/pages\/483\/revisions"}],"predecessor-version":[{"id":486,"href":"http:\/\/vodostan.ba\/web\/wp-json\/wp\/v2\/pages\/483\/revisions\/486"}],"up":[{"embeddable":true,"href":"http:\/\/vodostan.ba\/web\/wp-json\/wp\/v2\/pages\/399"}],"wp:attachment":[{"href":"http:\/\/vodostan.ba\/web\/wp-json\/wp\/v2\/media?parent=483"}],"curies":[{"name":"wp","href":"https:\/\/api.w.org\/{rel}","templated":true}]}}