{"id":13,"date":"2017-01-13T17:27:35","date_gmt":"2017-01-13T17:27:35","guid":{"rendered":"http:\/\/vodostan.ba\/web\/?page_id=13"},"modified":"2024-12-24T10:34:22","modified_gmt":"2024-12-24T10:34:22","slug":"kontakt","status":"publish","type":"page","link":"http:\/\/vodostan.ba\/web\/kontakt\/","title":{"rendered":"Kontakt"},"content":{"rendered":"<h3>Uprava<\/h3>\n<p>Banovac 1\/a, Ilija\u0161, Kanton Sarajevo, Bosna i Hercegovina<br \/>\nTelefon: +387(0)33 400-024<\/p>\n<h3>De\u017eurni telefon (0-24 h)<\/h3>\n<p>Telefon: +387(0)33 400-034<\/p>\n<p>&nbsp;<\/p>\n<h4>De\u017eurni vodoinstalater<\/h4>\n<p>Telefon:\u00a0+38762973137<\/p>\n<h3>RJ za izgradnju i odr\u017eavanje vodovodne i kanalizacione mre\u017ee<\/h3>\n<p>Ilija\u0161, Kanton Sarajevo, Bosna i Hercegovina<br \/>\nTelefon: +387(0)33 400-228<\/p>\n<h3>RJ za proizvodnju i distribuciju vode<\/h3>\n<p>Ilija\u0161, Kanton Sarajevo, Bosna i Hercegovina<br \/>\nTelefon: +387(0)33 400-034<\/p>\n<h3>Prijava kvara<\/h3>\n<p>Ilija\u0161, Kanton Sarajevo, Bosna i Hercegovina<br \/>\nTelefon: +387(0)33 400-228<\/p>\n<h3>Lokacija Uprave:<\/h3>\n<p>&nbsp;<\/p>\n<p><iframe loading=\"lazy\" style=\"border: 0;\" src=\"https:\/\/www.google.com\/maps\/embed?pb=!1m23!1m12!1m3!1d179.49600778272168!2d18.267585614715422!3d43.960686915275424!2m3!1f0!2f0!3f0!3m2!1i1024!2i768!4f13.1!4m8!3e0!4m0!4m5!1s0x475f328f240aabd7%3A0x81f7066bfbc3f5e8!2sVodostan%2C%20126.%20ilija%C5%A1ke%20brigade%2C%20Ilija%C5%A1!3m2!1d43.9594053!2d18.2674281!5e0!3m2!1sen!2sba!4v1652794212487!5m2!1sen!2sba\" width=\"400\" height=\"300\" allowfullscreen=\"allowfullscreen\"><\/iframe><\/p>\n<hr \/>\n<h3>Lokacija Radionice:<\/h3>\n<p><iframe loading=\"lazy\" style=\"border: 0;\" src=\"https:\/\/www.google.com\/maps\/embed?pb=!1m23!1m12!1m3!1d2871.931239247028!2d18.263150465377105!3d43.96078797911187!2m3!1f0!2f0!3f0!3m2!1i1024!2i768!4f13.1!4m8!3e0!4m0!4m5!1s0x475f33692c613f0f%3A0x8ed73e146c5b72f!2sJKP%22VodostaN%22d.o.o%20RJ!3m2!1d43.959893!2d18.2631659!5e0!3m2!1sen!2sba!4v1652794291536!5m2!1sen!2sba\" width=\"400\" height=\"300\" allowfullscreen=\"allowfullscreen\"><\/iframe><\/p>\n<p><img decoding=\"async\" loading=\"lazy\" class=\"alignnone size-full wp-image-346\" src=\"http:\/\/vodostan.ba\/web\/wp-content\/uploads\/2018\/03\/Vodostan-logo-2018.jpg\" alt=\"\" width=\"860\" height=\"84\" srcset=\"http:\/\/vodostan.ba\/web\/wp-content\/uploads\/2018\/03\/Vodostan-logo-2018.jpg 860w, http:\/\/vodostan.ba\/web\/wp-content\/uploads\/2018\/03\/Vodostan-logo-2018-300x29.jpg 300w, http:\/\/vodostan.ba\/web\/wp-content\/uploads\/2018\/03\/Vodostan-logo-2018-768x75.jpg 768w, http:\/\/vodostan.ba\/web\/wp-content\/uploads\/2018\/03\/Vodostan-logo-2018-620x61.jpg 620w\" sizes=\"(max-width: 860px) 100vw, 860px\" \/><\/p>\n","protected":false},"excerpt":{"rendered":"<p>Uprava Banovac 1\/a, Ilija\u0161, Kanton Sarajevo, Bosna i Hercegovina Telefon: +387(0)33 400-024 De\u017eurni telefon (0-24 h) Telefon: +387(0)33 400-034 &nbsp; De\u017eurni vodoinstalater Telefon:\u00a0+38762973137 RJ za izgradnju i odr\u017eavanje vodovodne i kanalizacione mre\u017ee Ilija\u0161, Kanton Sarajevo, Bosna i Hercegovina Telefon: +387(0)33&hellip; <\/p>\n","protected":false},"author":1,"featured_media":0,"parent":0,"menu_order":0,"comment_status":"closed","ping_status":"closed","template":"","meta":[],"_links":{"self":[{"href":"http:\/\/vodostan.ba\/web\/wp-json\/wp\/v2\/pages\/13"}],"collection":[{"href":"http:\/\/vodostan.ba\/web\/wp-json\/wp\/v2\/pages"}],"about":[{"href":"http:\/\/vodostan.ba\/web\/wp-json\/wp\/v2\/types\/page"}],"author":[{"embeddable":true,"href":"http:\/\/vodostan.ba\/web\/wp-json\/wp\/v2\/users\/1"}],"replies":[{"embeddable":true,"href":"http:\/\/vodostan.ba\/web\/wp-json\/wp\/v2\/comments?post=13"}],"version-history":[{"count":11,"href":"http:\/\/vodostan.ba\/web\/wp-json\/wp\/v2\/pages\/13\/revisions"}],"predecessor-version":[{"id":1552,"href":"http:\/\/vodostan.ba\/web\/wp-json\/wp\/v2\/pages\/13\/revisions\/1552"}],"wp:attachment":[{"href":"http:\/\/vodostan.ba\/web\/wp-json\/wp\/v2\/media?parent=13"}],"curies":[{"name":"wp","href":"https:\/\/api.w.org\/{rel}","templated":true}]}}